{"id":6692,"date":"2025-07-03T10:01:54","date_gmt":"2025-07-03T08:01:54","guid":{"rendered":"https:\/\/www.hotel-saint-delis.fr\/?page_id=6692"},"modified":"2025-07-03T10:05:11","modified_gmt":"2025-07-03T08:05:11","slug":"notizie","status":"publish","type":"page","link":"https:\/\/www.hotel-saint-delis.fr\/it\/actualites\/","title":{"rendered":"Notizie"},"content":{"rendered":"<div data-elementor-type=\"wp-page\" data-elementor-id=\"6692\" class=\"elementor elementor-6692\" data-elementor-post-type=\"page\">\n\t\t\t\t<div class=\"elementor-element elementor-element-8ccded5 overflow-hidden-xs e-flex e-con-boxed e-con e-parent\" data-id=\"8ccded5\" data-element_type=\"container\" data-e-type=\"container\">\n\t\t\t\t\t<div class=\"e-con-inner\">\n\t\t<div class=\"elementor-element elementor-element-a73fac9 bg-full-section-xs e-flex e-con-boxed e-con e-child\" data-id=\"a73fac9\" data-element_type=\"container\" data-e-type=\"container\" data-settings=\"{&quot;background_background&quot;:&quot;classic&quot;}\">\n\t\t\t\t\t<div class=\"e-con-inner\">\n\t\t\t\t<div class=\"elementor-element elementor-element-f86bc9a elementor-absolute e-transform evt-tache-gauche elementor-widget elementor-widget-image\" data-id=\"f86bc9a\" data-element_type=\"widget\" data-e-type=\"widget\" data-settings=\"{&quot;_position&quot;:&quot;absolute&quot;,&quot;_transform_rotateZ_effect&quot;:{&quot;unit&quot;:&quot;px&quot;,&quot;size&quot;:100,&quot;sizes&quot;:[]},&quot;_transform_rotateZ_effect_laptop&quot;:{&quot;unit&quot;:&quot;deg&quot;,&quot;size&quot;:&quot;&quot;,&quot;sizes&quot;:[]},&quot;_transform_rotateZ_effect_tablet&quot;:{&quot;unit&quot;:&quot;deg&quot;,&quot;size&quot;:&quot;&quot;,&quot;sizes&quot;:[]},&quot;_transform_rotateZ_effect_mobile&quot;:{&quot;unit&quot;:&quot;deg&quot;,&quot;size&quot;:&quot;&quot;,&quot;sizes&quot;:[]}}\" data-widget_type=\"image.default\">\n\t\t\t\t<div class=\"elementor-widget-container\">\n\t\t\t\t\t\t\t\t\t\t\t\t\t\t\t<img fetchpriority=\"high\" decoding=\"async\" width=\"618\" height=\"424\" src=\"https:\/\/www.hotel-saint-delis.fr\/wp-content\/uploads\/2024\/01\/tache-deco.png\" class=\"attachment-large size-large wp-image-1142\" alt=\"\" srcset=\"https:\/\/www.hotel-saint-delis.fr\/wp-content\/uploads\/2024\/01\/tache-deco.png 618w, https:\/\/www.hotel-saint-delis.fr\/wp-content\/uploads\/2024\/01\/tache-deco-300x206.png 300w, https:\/\/www.hotel-saint-delis.fr\/wp-content\/uploads\/2024\/01\/tache-deco-18x12.png 18w\" sizes=\"(max-width: 618px) 100vw, 618px\" title=\"\">\t\t\t\t\t\t\t\t\t\t\t\t\t\t\t<\/div>\n\t\t\t\t<\/div>\n\t\t\t\t<div class=\"elementor-element elementor-element-ba7c87c elementor-absolute e-transform evt-tache-droite elementor-widget elementor-widget-image\" data-id=\"ba7c87c\" data-element_type=\"widget\" data-e-type=\"widget\" data-settings=\"{&quot;_position&quot;:&quot;absolute&quot;,&quot;_transform_rotateZ_effect&quot;:{&quot;unit&quot;:&quot;px&quot;,&quot;size&quot;:108,&quot;sizes&quot;:[]},&quot;_transform_rotateZ_effect_laptop&quot;:{&quot;unit&quot;:&quot;deg&quot;,&quot;size&quot;:&quot;&quot;,&quot;sizes&quot;:[]},&quot;_transform_rotateZ_effect_tablet&quot;:{&quot;unit&quot;:&quot;deg&quot;,&quot;size&quot;:&quot;&quot;,&quot;sizes&quot;:[]},&quot;_transform_rotateZ_effect_mobile&quot;:{&quot;unit&quot;:&quot;deg&quot;,&quot;size&quot;:&quot;&quot;,&quot;sizes&quot;:[]}}\" data-widget_type=\"image.default\">\n\t\t\t\t<div class=\"elementor-widget-container\">\n\t\t\t\t\t\t\t\t\t\t\t\t\t\t\t<img fetchpriority=\"high\" decoding=\"async\" width=\"618\" height=\"424\" src=\"https:\/\/www.hotel-saint-delis.fr\/wp-content\/uploads\/2024\/01\/tache-deco.png\" class=\"attachment-large size-large wp-image-1142\" alt=\"\" srcset=\"https:\/\/www.hotel-saint-delis.fr\/wp-content\/uploads\/2024\/01\/tache-deco.png 618w, https:\/\/www.hotel-saint-delis.fr\/wp-content\/uploads\/2024\/01\/tache-deco-300x206.png 300w, https:\/\/www.hotel-saint-delis.fr\/wp-content\/uploads\/2024\/01\/tache-deco-18x12.png 18w\" sizes=\"(max-width: 618px) 100vw, 618px\" title=\"\">\t\t\t\t\t\t\t\t\t\t\t\t\t\t\t<\/div>\n\t\t\t\t<\/div>\n\t\t\t\t<div class=\"elementor-element elementor-element-fbaa3d7 event-titre elementor-widget elementor-widget-heading\" data-id=\"fbaa3d7\" data-element_type=\"widget\" data-e-type=\"widget\" data-widget_type=\"heading.default\">\n\t\t\t\t<div class=\"elementor-widget-container\">\n\t\t\t\t\t<div class=\"elementor-heading-title elementor-size-default\">Scoprire il<\/div>\t\t\t\t<\/div>\n\t\t\t\t<\/div>\n\t\t\t\t<div class=\"elementor-element elementor-element-9d48d9b event-titre elementor-widget elementor-widget-heading\" data-id=\"9d48d9b\" data-element_type=\"widget\" data-e-type=\"widget\" data-widget_type=\"heading.default\">\n\t\t\t\t<div class=\"elementor-widget-container\">\n\t\t\t\t\t<div class=\"elementor-heading-title elementor-size-default\">Notizie<\/div>\t\t\t\t<\/div>\n\t\t\t\t<\/div>\n\t\t\t\t\t<\/div>\n\t\t\t\t<\/div>\n\t\t\t\t\t<\/div>\n\t\t\t\t<\/div>\n\t\t<div class=\"elementor-element elementor-element-425f9a6 e-flex e-con-boxed e-con e-parent\" data-id=\"425f9a6\" data-element_type=\"container\" data-e-type=\"container\">\n\t\t\t\t\t<div class=\"e-con-inner\">\n\t\t\t\t<div class=\"elementor-element elementor-element-a9d671d elementor-widget elementor-widget-heading\" data-id=\"a9d671d\" data-element_type=\"widget\" data-e-type=\"widget\" data-widget_type=\"heading.default\">\n\t\t\t\t<div class=\"elementor-widget-container\">\n\t\t\t\t\t<h1 class=\"elementor-heading-title elementor-size-default\">Notizie sull'hotel<\/h1>\t\t\t\t<\/div>\n\t\t\t\t<\/div>\n\t\t\t\t<div class=\"elementor-element elementor-element-7b66ed2 elementor-grid-laptop-2 actu-listing elementor-grid-3 elementor-grid-tablet-2 elementor-grid-mobile-1 elementor-posts--thumbnail-top elementor-widget elementor-widget-posts\" data-id=\"7b66ed2\" data-element_type=\"widget\" data-e-type=\"widget\" data-settings=\"{&quot;classic_columns_laptop&quot;:&quot;2&quot;,&quot;classic_row_gap&quot;:{&quot;unit&quot;:&quot;px&quot;,&quot;size&quot;:40,&quot;sizes&quot;:[]},&quot;classic_columns&quot;:&quot;3&quot;,&quot;classic_columns_tablet&quot;:&quot;2&quot;,&quot;classic_columns_mobile&quot;:&quot;1&quot;,&quot;classic_row_gap_laptop&quot;:{&quot;unit&quot;:&quot;px&quot;,&quot;size&quot;:&quot;&quot;,&quot;sizes&quot;:[]},&quot;classic_row_gap_tablet&quot;:{&quot;unit&quot;:&quot;px&quot;,&quot;size&quot;:&quot;&quot;,&quot;sizes&quot;:[]},&quot;classic_row_gap_mobile&quot;:{&quot;unit&quot;:&quot;px&quot;,&quot;size&quot;:&quot;&quot;,&quot;sizes&quot;:[]}}\" data-widget_type=\"posts.classic\">\n\t\t\t\t<div class=\"elementor-widget-container\">\n\t\t\t\t\t\t\t<div class=\"elementor-posts-container elementor-posts elementor-posts--skin-classic elementor-grid\" role=\"list\">\n\t\t\t\t<article class=\"elementor-post elementor-grid-item post-6775 post type-post status-publish format-standard has-post-thumbnail hentry category-actualite\" role=\"listitem\">\n\t\t\t\t<a class=\"elementor-post__thumbnail__link\" href=\"https:\/\/www.hotel-saint-delis.fr\/it\/hotel-de-luxe-a-honfleur-ladresse-confidentielle-pour-vivre-la-ville-avec-elegance\/\" tabindex=\"-1\" >\n\t\t\t<div class=\"elementor-post__thumbnail\"><img decoding=\"async\" width=\"1254\" height=\"836\" src=\"https:\/\/www.hotel-saint-delis.fr\/wp-content\/uploads\/2024\/02\/iStock-1388180166.jpg\" class=\"attachment-full size-full wp-image-5757\" alt=\"picnic in giardino - boutique hotel normandie\" title=\"\" srcset=\"https:\/\/www.hotel-saint-delis.fr\/wp-content\/uploads\/2024\/02\/iStock-1388180166.jpg 1254w, https:\/\/www.hotel-saint-delis.fr\/wp-content\/uploads\/2024\/02\/iStock-1388180166-300x200.jpg 300w, https:\/\/www.hotel-saint-delis.fr\/wp-content\/uploads\/2024\/02\/iStock-1388180166-1024x683.jpg 1024w, https:\/\/www.hotel-saint-delis.fr\/wp-content\/uploads\/2024\/02\/iStock-1388180166-768x512.jpg 768w, https:\/\/www.hotel-saint-delis.fr\/wp-content\/uploads\/2024\/02\/iStock-1388180166-18x12.jpg 18w\" sizes=\"(max-width: 1254px) 100vw, 1254px\" \/><\/div>\n\t\t<\/a>\n\t\t\t\t<div class=\"elementor-post__text\">\n\t\t\t\t<h2 class=\"elementor-post__title\">\n\t\t\t<a href=\"https:\/\/www.hotel-saint-delis.fr\/it\/hotel-de-luxe-a-honfleur-ladresse-confidentielle-pour-vivre-la-ville-avec-elegance\/\" >\n\t\t\t\tHotel di lusso a Honfleur: l'indirizzo riservato per vivere la citt\u00e0 con eleganza\t\t\t<\/a>\n\t\t<\/h2>\n\t\t\t\t<div class=\"elementor-post__excerpt\">\n\t\t\t<p>A Honfleur, il lusso prende la forma di\t\t<\/div>\n\t\t\n\t\t<a class=\"elementor-post__read-more\" href=\"https:\/\/www.hotel-saint-delis.fr\/it\/hotel-de-luxe-a-honfleur-ladresse-confidentielle-pour-vivre-la-ville-avec-elegance\/\" aria-label=\"Leggi tutto H\u00f4tel de luxe \u00e0 Honfleur : l\u2019adresse confidentielle pour vivre la ville avec \u00e9l\u00e9gance\" tabindex=\"-1\" >\n\t\t\tPer saperne di pi\u00f9\t\t<\/a>\n\n\t\t\t\t<\/div>\n\t\t\t\t<\/article>\n\t\t\t\t<article class=\"elementor-post elementor-grid-item post-6742 post type-post status-publish format-standard has-post-thumbnail hentry category-actualite\" role=\"listitem\">\n\t\t\t\t<a class=\"elementor-post__thumbnail__link\" href=\"https:\/\/www.hotel-saint-delis.fr\/it\/hotel-5-etoiles-honfleur\/\" tabindex=\"-1\" >\n\t\t\t<div class=\"elementor-post__thumbnail\"><img decoding=\"async\" width=\"900\" height=\"602\" src=\"https:\/\/www.hotel-saint-delis.fr\/wp-content\/uploads\/2025\/03\/fss-200years.png\" class=\"attachment-full size-full wp-image-6666\" alt=\"\" title=\"\" srcset=\"https:\/\/www.hotel-saint-delis.fr\/wp-content\/uploads\/2025\/03\/fss-200years.png 900w, https:\/\/www.hotel-saint-delis.fr\/wp-content\/uploads\/2025\/03\/fss-200years-300x201.png 300w, https:\/\/www.hotel-saint-delis.fr\/wp-content\/uploads\/2025\/03\/fss-200years-768x514.png 768w, https:\/\/www.hotel-saint-delis.fr\/wp-content\/uploads\/2025\/03\/fss-200years-18x12.png 18w\" sizes=\"(max-width: 900px) 100vw, 900px\" \/><\/div>\n\t\t<\/a>\n\t\t\t\t<div class=\"elementor-post__text\">\n\t\t\t\t<h2 class=\"elementor-post__title\">\n\t\t\t<a href=\"https:\/\/www.hotel-saint-delis.fr\/it\/hotel-5-etoiles-honfleur\/\" >\n\t\t\t\tHotel 5 stelle a Honfleur: l'esperienza unica dell'H\u00f4tel Saint Delis\t\t\t<\/a>\n\t\t<\/h2>\n\t\t\t\t<div class=\"elementor-post__excerpt\">\n\t\t\t<p>Adagiata sulla costa della Normandia, Honfleur \u00e8 una delle pi\u00f9 belle citt\u00e0 del mondo.\t\t<\/div>\n\t\t\n\t\t<a class=\"elementor-post__read-more\" href=\"https:\/\/www.hotel-saint-delis.fr\/it\/hotel-5-etoiles-honfleur\/\" aria-label=\"Leggi tutto H\u00f4tel 5 \u00e9toiles \u00e0 Honfleur : l\u2019exp\u00e9rience unique de l\u2019H\u00f4tel Saint Delis\" tabindex=\"-1\" >\n\t\t\tPer saperne di pi\u00f9\t\t<\/a>\n\n\t\t\t\t<\/div>\n\t\t\t\t<\/article>\n\t\t\t\t<article class=\"elementor-post elementor-grid-item post-6701 post type-post status-publish format-standard has-post-thumbnail hentry category-actualite\" role=\"listitem\">\n\t\t\t\t<a class=\"elementor-post__thumbnail__link\" href=\"https:\/\/www.hotel-saint-delis.fr\/it\/hotel-de-luxe-a-honfleur\/\" tabindex=\"-1\" >\n\t\t\t<div class=\"elementor-post__thumbnail\"><img loading=\"lazy\" decoding=\"async\" width=\"2560\" height=\"1749\" src=\"https:\/\/www.hotel-saint-delis.fr\/wp-content\/uploads\/2024\/02\/Maison-Principale-2-scaled.jpg\" class=\"attachment-full size-full wp-image-5586\" alt=\"vista esterna della casa principale - hotel saint delis\" title=\"\" srcset=\"https:\/\/www.hotel-saint-delis.fr\/wp-content\/uploads\/2024\/02\/Maison-Principale-2-scaled.jpg 2560w, https:\/\/www.hotel-saint-delis.fr\/wp-content\/uploads\/2024\/02\/Maison-Principale-2-300x205.jpg 300w, https:\/\/www.hotel-saint-delis.fr\/wp-content\/uploads\/2024\/02\/Maison-Principale-2-1024x700.jpg 1024w, https:\/\/www.hotel-saint-delis.fr\/wp-content\/uploads\/2024\/02\/Maison-Principale-2-768x525.jpg 768w, https:\/\/www.hotel-saint-delis.fr\/wp-content\/uploads\/2024\/02\/Maison-Principale-2-1536x1050.jpg 1536w, https:\/\/www.hotel-saint-delis.fr\/wp-content\/uploads\/2024\/02\/Maison-Principale-2-2048x1400.jpg 2048w, https:\/\/www.hotel-saint-delis.fr\/wp-content\/uploads\/2024\/02\/Maison-Principale-2-18x12.jpg 18w\" sizes=\"(max-width: 2560px) 100vw, 2560px\" \/><\/div>\n\t\t<\/a>\n\t\t\t\t<div class=\"elementor-post__text\">\n\t\t\t\t<h2 class=\"elementor-post__title\">\n\t\t\t<a href=\"https:\/\/www.hotel-saint-delis.fr\/it\/hotel-de-luxe-a-honfleur\/\" >\n\t\t\t\tHotel di lusso a Honfleur: scoprite l'eleganza del Saint Delis\t\t\t<\/a>\n\t\t<\/h2>\n\t\t\t\t<div class=\"elementor-post__excerpt\">\n\t\t\t<p>La casa del pittore Henri de Saint Delis\t\t<\/div>\n\t\t\n\t\t<a class=\"elementor-post__read-more\" href=\"https:\/\/www.hotel-saint-delis.fr\/it\/hotel-de-luxe-a-honfleur\/\" aria-label=\"Leggi tutto H\u00f4tel de luxe \u00e0 Honfleur : d\u00e9couvrez l\u2019\u00e9l\u00e9gance du Saint Delis\" tabindex=\"-1\" >\n\t\t\tPer saperne di pi\u00f9\t\t<\/a>\n\n\t\t\t\t<\/div>\n\t\t\t\t<\/article>\n\t\t\t\t<\/div>\n\t\t\n\t\t\t\t\t\t<\/div>\n\t\t\t\t<\/div>\n\t\t\t\t\t<\/div>\n\t\t\t\t<\/div>\n\t\t\t\t<\/div>","protected":false},"excerpt":{"rendered":"<p>Scopri le notizie Notizie dell'hotel<\/p>","protected":false},"author":13,"featured_media":0,"parent":0,"menu_order":0,"comment_status":"closed","ping_status":"closed","template":"","meta":{"inline_featured_image":false,"footnotes":""},"class_list":["post-6692","page","type-page","status-publish","hentry"],"_links":{"self":[{"href":"https:\/\/www.hotel-saint-delis.fr\/it\/wp-json\/wp\/v2\/pages\/6692","targetHints":{"allow":["GET"]}}],"collection":[{"href":"https:\/\/www.hotel-saint-delis.fr\/it\/wp-json\/wp\/v2\/pages"}],"about":[{"href":"https:\/\/www.hotel-saint-delis.fr\/it\/wp-json\/wp\/v2\/types\/page"}],"author":[{"embeddable":true,"href":"https:\/\/www.hotel-saint-delis.fr\/it\/wp-json\/wp\/v2\/users\/13"}],"replies":[{"embeddable":true,"href":"https:\/\/www.hotel-saint-delis.fr\/it\/wp-json\/wp\/v2\/comments?post=6692"}],"version-history":[{"count":4,"href":"https:\/\/www.hotel-saint-delis.fr\/it\/wp-json\/wp\/v2\/pages\/6692\/revisions"}],"predecessor-version":[{"id":6698,"href":"https:\/\/www.hotel-saint-delis.fr\/it\/wp-json\/wp\/v2\/pages\/6692\/revisions\/6698"}],"wp:attachment":[{"href":"https:\/\/www.hotel-saint-delis.fr\/it\/wp-json\/wp\/v2\/media?parent=6692"}],"curies":[{"name":"wp","href":"https:\/\/api.w.org\/{rel}","templated":true}]}}