{"id":4059,"date":"2024-01-18T18:53:45","date_gmt":"2024-01-18T17:53:45","guid":{"rendered":"https:\/\/www.hotel-saint-delis.fr\/?page_id=4059"},"modified":"2024-05-07T17:39:50","modified_gmt":"2024-05-07T15:39:50","slug":"onze-geschiedenis-hotel-saint-delis-la-maison-du-peintre","status":"publish","type":"page","link":"https:\/\/www.hotel-saint-delis.fr\/nl\/notre-histoire-hotel-saint-delis-la-maison-du-peintre\/","title":{"rendered":"Onze geschiedenis"},"content":{"rendered":"<div data-elementor-type=\"wp-page\" data-elementor-id=\"4059\" class=\"elementor elementor-4059\" data-elementor-post-type=\"page\">\n\t\t\t\t<div class=\"elementor-element elementor-element-54cb52d overflow-hidden-xs e-flex e-con-boxed e-con e-parent\" data-id=\"54cb52d\" data-element_type=\"container\" data-e-type=\"container\">\n\t\t\t\t\t<div class=\"e-con-inner\">\n\t\t<div class=\"elementor-element elementor-element-53362d5 bg-full-section-xs e-flex e-con-boxed e-con e-child\" data-id=\"53362d5\" data-element_type=\"container\" data-e-type=\"container\" data-settings=\"{&quot;background_background&quot;:&quot;classic&quot;}\">\n\t\t\t\t\t<div class=\"e-con-inner\">\n\t\t\t\t<div class=\"elementor-element elementor-element-8929991 elementor-absolute e-transform evt-tache-gauche elementor-widget elementor-widget-image\" data-id=\"8929991\" data-element_type=\"widget\" data-e-type=\"widget\" data-settings=\"{&quot;_position&quot;:&quot;absolute&quot;,&quot;_transform_rotateZ_effect&quot;:{&quot;unit&quot;:&quot;px&quot;,&quot;size&quot;:100,&quot;sizes&quot;:[]},&quot;_transform_rotateZ_effect_laptop&quot;:{&quot;unit&quot;:&quot;deg&quot;,&quot;size&quot;:&quot;&quot;,&quot;sizes&quot;:[]},&quot;_transform_rotateZ_effect_tablet&quot;:{&quot;unit&quot;:&quot;deg&quot;,&quot;size&quot;:&quot;&quot;,&quot;sizes&quot;:[]},&quot;_transform_rotateZ_effect_mobile&quot;:{&quot;unit&quot;:&quot;deg&quot;,&quot;size&quot;:&quot;&quot;,&quot;sizes&quot;:[]}}\" data-widget_type=\"image.default\">\n\t\t\t\t<div class=\"elementor-widget-container\">\n\t\t\t\t\t\t\t\t\t\t\t\t\t\t\t<img fetchpriority=\"high\" decoding=\"async\" width=\"618\" height=\"424\" src=\"https:\/\/www.hotel-saint-delis.fr\/wp-content\/uploads\/2024\/01\/tache-deco.png\" class=\"attachment-large size-large wp-image-1142\" alt=\"\" srcset=\"https:\/\/www.hotel-saint-delis.fr\/wp-content\/uploads\/2024\/01\/tache-deco.png 618w, https:\/\/www.hotel-saint-delis.fr\/wp-content\/uploads\/2024\/01\/tache-deco-300x206.png 300w, https:\/\/www.hotel-saint-delis.fr\/wp-content\/uploads\/2024\/01\/tache-deco-18x12.png 18w\" sizes=\"(max-width: 618px) 100vw, 618px\" title=\"\">\t\t\t\t\t\t\t\t\t\t\t\t\t\t\t<\/div>\n\t\t\t\t<\/div>\n\t\t\t\t<div class=\"elementor-element elementor-element-4e29e32 elementor-absolute e-transform evt-tache-droite elementor-widget elementor-widget-image\" data-id=\"4e29e32\" data-element_type=\"widget\" data-e-type=\"widget\" data-settings=\"{&quot;_position&quot;:&quot;absolute&quot;,&quot;_transform_rotateZ_effect&quot;:{&quot;unit&quot;:&quot;px&quot;,&quot;size&quot;:108,&quot;sizes&quot;:[]},&quot;_transform_rotateZ_effect_laptop&quot;:{&quot;unit&quot;:&quot;deg&quot;,&quot;size&quot;:&quot;&quot;,&quot;sizes&quot;:[]},&quot;_transform_rotateZ_effect_tablet&quot;:{&quot;unit&quot;:&quot;deg&quot;,&quot;size&quot;:&quot;&quot;,&quot;sizes&quot;:[]},&quot;_transform_rotateZ_effect_mobile&quot;:{&quot;unit&quot;:&quot;deg&quot;,&quot;size&quot;:&quot;&quot;,&quot;sizes&quot;:[]}}\" data-widget_type=\"image.default\">\n\t\t\t\t<div class=\"elementor-widget-container\">\n\t\t\t\t\t\t\t\t\t\t\t\t\t\t\t<img fetchpriority=\"high\" decoding=\"async\" width=\"618\" height=\"424\" src=\"https:\/\/www.hotel-saint-delis.fr\/wp-content\/uploads\/2024\/01\/tache-deco.png\" class=\"attachment-large size-large wp-image-1142\" alt=\"\" srcset=\"https:\/\/www.hotel-saint-delis.fr\/wp-content\/uploads\/2024\/01\/tache-deco.png 618w, https:\/\/www.hotel-saint-delis.fr\/wp-content\/uploads\/2024\/01\/tache-deco-300x206.png 300w, https:\/\/www.hotel-saint-delis.fr\/wp-content\/uploads\/2024\/01\/tache-deco-18x12.png 18w\" sizes=\"(max-width: 618px) 100vw, 618px\" title=\"\">\t\t\t\t\t\t\t\t\t\t\t\t\t\t\t<\/div>\n\t\t\t\t<\/div>\n\t\t\t\t<div class=\"elementor-element elementor-element-b4aff2f event-titre elementor-widget elementor-widget-heading\" data-id=\"b4aff2f\" data-element_type=\"widget\" data-e-type=\"widget\" data-widget_type=\"heading.default\">\n\t\t\t\t<div class=\"elementor-widget-container\">\n\t\t\t\t\t<div class=\"elementor-heading-title elementor-size-default\">Onze<\/div>\t\t\t\t<\/div>\n\t\t\t\t<\/div>\n\t\t\t\t<div class=\"elementor-element elementor-element-0b9bf70 event-titre elementor-widget elementor-widget-heading\" data-id=\"0b9bf70\" data-element_type=\"widget\" data-e-type=\"widget\" data-widget_type=\"heading.default\">\n\t\t\t\t<div class=\"elementor-widget-container\">\n\t\t\t\t\t<div class=\"elementor-heading-title elementor-size-default\">Geschiedenis<\/div>\t\t\t\t<\/div>\n\t\t\t\t<\/div>\n\t\t\t\t\t<\/div>\n\t\t\t\t<\/div>\n\t\t\t\t\t<\/div>\n\t\t\t\t<\/div>\n\t\t<div class=\"elementor-element elementor-element-e8ece05 e-flex e-con-boxed e-con e-parent\" data-id=\"e8ece05\" data-element_type=\"container\" data-e-type=\"container\">\n\t\t\t\t\t<div class=\"e-con-inner\">\n\t\t<div class=\"elementor-element elementor-element-06581f5 e-con-full e-flex e-con e-child\" data-id=\"06581f5\" data-element_type=\"container\" data-e-type=\"container\">\n\t\t\t\t<div class=\"elementor-element elementor-element-cdf4744 elementor-widget__width-initial right-to-left elementor-widget elementor-widget-image\" data-id=\"cdf4744\" data-element_type=\"widget\" data-e-type=\"widget\" data-widget_type=\"image.default\">\n\t\t\t\t<div class=\"elementor-widget-container\">\n\t\t\t\t\t\t\t\t\t\t\t\t\t\t\t<img decoding=\"async\" width=\"800\" height=\"534\" src=\"https:\/\/www.hotel-saint-delis.fr\/wp-content\/uploads\/2024\/02\/Junior-Suite-10-1024x683.jpg\" class=\"attachment-large size-large wp-image-5640\" alt=\"buitenzicht van de junior suite - h\u00f4tel saint-delis - la maison du peintre\" srcset=\"https:\/\/www.hotel-saint-delis.fr\/wp-content\/uploads\/2024\/02\/Junior-Suite-10-1024x683.jpg 1024w, https:\/\/www.hotel-saint-delis.fr\/wp-content\/uploads\/2024\/02\/Junior-Suite-10-300x200.jpg 300w, https:\/\/www.hotel-saint-delis.fr\/wp-content\/uploads\/2024\/02\/Junior-Suite-10-768x512.jpg 768w, https:\/\/www.hotel-saint-delis.fr\/wp-content\/uploads\/2024\/02\/Junior-Suite-10-1536x1024.jpg 1536w, https:\/\/www.hotel-saint-delis.fr\/wp-content\/uploads\/2024\/02\/Junior-Suite-10-2048x1365.jpg 2048w, https:\/\/www.hotel-saint-delis.fr\/wp-content\/uploads\/2024\/02\/Junior-Suite-10-18x12.jpg 18w\" sizes=\"(max-width: 800px) 100vw, 800px\" title=\"\">\t\t\t\t\t\t\t\t\t\t\t\t\t\t\t<\/div>\n\t\t\t\t<\/div>\n\t\t\t\t<\/div>\n\t\t<div class=\"elementor-element elementor-element-5210d73 e-con-full e-flex e-con e-child\" data-id=\"5210d73\" data-element_type=\"container\" data-e-type=\"container\">\n\t\t<div class=\"elementor-element elementor-element-28e1b76 e-flex e-con-boxed e-con e-child\" data-id=\"28e1b76\" data-element_type=\"container\" data-e-type=\"container\">\n\t\t\t\t\t<div class=\"e-con-inner\">\n\t\t\t\t<div class=\"elementor-element elementor-element-7d3b855 elementor-widget elementor-widget-heading\" data-id=\"7d3b855\" data-element_type=\"widget\" data-e-type=\"widget\" data-widget_type=\"heading.default\">\n\t\t\t\t<div class=\"elementor-widget-container\">\n\t\t\t\t\t<span class=\"elementor-heading-title elementor-size-default\">een plek met een rijke geschiedenis<\/span>\t\t\t\t<\/div>\n\t\t\t\t<\/div>\n\t\t\t\t<div class=\"elementor-element elementor-element-7bf5e20 elementor-widget elementor-widget-heading\" data-id=\"7bf5e20\" data-element_type=\"widget\" data-e-type=\"widget\" data-widget_type=\"heading.default\">\n\t\t\t\t<div class=\"elementor-widget-container\">\n\t\t\t\t\t<h1 class=\"elementor-heading-title elementor-size-default\">H\u00f4tel Saint Delis: Het Huis van de Schilder\n<\/h1>\t\t\t\t<\/div>\n\t\t\t\t<\/div>\n\t\t\t\t<div class=\"elementor-element elementor-element-7f3b1a5 elementor-widget elementor-widget-text-editor\" data-id=\"7f3b1a5\" data-element_type=\"widget\" data-e-type=\"widget\" data-widget_type=\"text-editor.default\">\n\t\t\t\t<div class=\"elementor-widget-container\">\n\t\t\t\t\t\t\t\t\t<p>Het Huis van de Schilder, Henri de Saint-Delis, is een plek vol geschiedenis.<br \/>De kunstenaar, geboren in Marconne in Pas-de-Calais in 1878, woonde daar tot zijn dood in 1949. De slaapkamer van de schilder, nr. 3, op de eerste verdieping, is comfortabel gerenoveerd en geeft uit op de rondingen van de rue du Puits. Vanuit de ramen zie je <a href=\"https:\/\/www.fermesaintsimeon.fr\/la-caleche-balade-a-cheval-honfleur\/\" rel=\"nofollow noopener\" target=\"_blank\">de paardenkoets<\/a> van de nabijgelegen Ferme Saint Sim\u00e9on - Relais &amp; Ch\u00e2teaux, en hoor het aangename geluid van hoefijzers die op de kasseien slaan, als een herinnering aan de geluiden van het leven in het verleden.<\/p>\t\t\t\t\t\t\t\t<\/div>\n\t\t\t\t<\/div>\n\t\t\t\t\t<\/div>\n\t\t\t\t<\/div>\n\t\t\t\t<\/div>\n\t\t\t\t\t<\/div>\n\t\t\t\t<\/div>\n\t\t<div class=\"elementor-element elementor-element-3dcdfb0 e-flex e-con-boxed e-con e-parent\" data-id=\"3dcdfb0\" data-element_type=\"container\" data-e-type=\"container\">\n\t\t\t\t\t<div class=\"e-con-inner\">\n\t\t<div class=\"elementor-element elementor-element-a8722ed e-con-full e-flex e-con e-child\" data-id=\"a8722ed\" data-element_type=\"container\" data-e-type=\"container\">\n\t\t<div class=\"elementor-element elementor-element-2209a63 e-flex e-con-boxed e-con e-child\" data-id=\"2209a63\" data-element_type=\"container\" data-e-type=\"container\">\n\t\t\t\t\t<div class=\"e-con-inner\">\n\t\t\t\t<div class=\"elementor-element elementor-element-202f380 elementor-widget elementor-widget-text-editor\" data-id=\"202f380\" data-element_type=\"widget\" data-e-type=\"widget\" data-widget_type=\"text-editor.default\">\n\t\t\t\t<div class=\"elementor-widget-container\">\n\t\t\t\t\t\t\t\t\t<p>Henri de Saint-Delis schilderde vanaf de overloop, die naar zijn accommodatie leidde, Normandische stillevens bestaande uit bloemen en fruit van het landgoed. Vanuit de tuin portretteerde hij de zuidwestelijke gevel en de warme beboste omgeving van het herenhuis.<\/p><p>Het vakwerkhuis, bekend als \"Normandisch\", rechts van de ingangsportiek, vertoont de typische architectonische kenmerken van de prachtige huizen van Pays d'Auge uit de 17e eeuw.<br \/>Henri de Saint-Delis hield ervan om in deze rustige vegetatie van Bourg Sainte-Catherine te verblijven om op elk moment aquarellen te schilderen en de serene sfeer te vergroten die er heerste. Meer dan dertig jaar reisde hij rond in de havenstad Honfleur en de omgeving om talloze getuigenissen van het dynamische Honfleur te 'aquarelleren', terwijl hij op een klein klapstoeltje voor zijn schildersezel zat.<\/p>\t\t\t\t\t\t\t\t<\/div>\n\t\t\t\t<\/div>\n\t\t\t\t\t<\/div>\n\t\t\t\t<\/div>\n\t\t\t\t<\/div>\n\t\t<div class=\"elementor-element elementor-element-1e74346 e-con-full e-flex e-con e-child\" data-id=\"1e74346\" data-element_type=\"container\" data-e-type=\"container\">\n\t\t\t\t<div class=\"elementor-element elementor-element-8629812 elementor-widget__width-initial left-to-right elementor-widget elementor-widget-image\" data-id=\"8629812\" data-element_type=\"widget\" data-e-type=\"widget\" data-widget_type=\"image.default\">\n\t\t\t\t<div class=\"elementor-widget-container\">\n\t\t\t\t\t\t\t\t\t\t\t\t\t\t\t<img decoding=\"async\" width=\"800\" height=\"534\" src=\"https:\/\/www.hotel-saint-delis.fr\/wp-content\/uploads\/2024\/02\/Tableau-Henri-de-Saint-Delis-2-1024x683.jpg\" class=\"attachment-large size-large wp-image-5664\" alt=\"schilderij van Henri de Saint Delis - h\u00f4tel saint-delis - het huis van de schilder\" srcset=\"https:\/\/www.hotel-saint-delis.fr\/wp-content\/uploads\/2024\/02\/Tableau-Henri-de-Saint-Delis-2-1024x683.jpg 1024w, https:\/\/www.hotel-saint-delis.fr\/wp-content\/uploads\/2024\/02\/Tableau-Henri-de-Saint-Delis-2-300x200.jpg 300w, https:\/\/www.hotel-saint-delis.fr\/wp-content\/uploads\/2024\/02\/Tableau-Henri-de-Saint-Delis-2-768x512.jpg 768w, https:\/\/www.hotel-saint-delis.fr\/wp-content\/uploads\/2024\/02\/Tableau-Henri-de-Saint-Delis-2-1536x1024.jpg 1536w, https:\/\/www.hotel-saint-delis.fr\/wp-content\/uploads\/2024\/02\/Tableau-Henri-de-Saint-Delis-2-2048x1365.jpg 2048w, https:\/\/www.hotel-saint-delis.fr\/wp-content\/uploads\/2024\/02\/Tableau-Henri-de-Saint-Delis-2-18x12.jpg 18w\" sizes=\"(max-width: 800px) 100vw, 800px\" title=\"\">\t\t\t\t\t\t\t\t\t\t\t\t\t\t\t<\/div>\n\t\t\t\t<\/div>\n\t\t\t\t<\/div>\n\t\t\t\t\t<\/div>\n\t\t\t\t<\/div>\n\t\t<div class=\"elementor-element elementor-element-e8bcbf3 e-flex e-con-boxed e-con e-parent\" data-id=\"e8bcbf3\" data-element_type=\"container\" data-e-type=\"container\">\n\t\t\t\t\t<div class=\"e-con-inner\">\n\t\t<div class=\"elementor-element elementor-element-b9db801 e-con-full e-flex e-con e-child\" data-id=\"b9db801\" data-element_type=\"container\" data-e-type=\"container\">\n\t\t\t\t<div class=\"elementor-element elementor-element-1e90a29 elementor-widget__width-initial right-to-left elementor-widget elementor-widget-image\" data-id=\"1e90a29\" data-element_type=\"widget\" data-e-type=\"widget\" data-widget_type=\"image.default\">\n\t\t\t\t<div class=\"elementor-widget-container\">\n\t\t\t\t\t\t\t\t\t\t\t\t\t\t\t<img loading=\"lazy\" decoding=\"async\" width=\"800\" height=\"534\" src=\"https:\/\/www.hotel-saint-delis.fr\/wp-content\/uploads\/2024\/02\/Tableau-Henri-de-Saint-Delis-4-1024x683.jpg\" class=\"attachment-large size-large wp-image-5666\" alt=\"schilderij van Henri de Saint Delis - h\u00f4tel saint-delis - het huis van de schilder\" srcset=\"https:\/\/www.hotel-saint-delis.fr\/wp-content\/uploads\/2024\/02\/Tableau-Henri-de-Saint-Delis-4-1024x683.jpg 1024w, https:\/\/www.hotel-saint-delis.fr\/wp-content\/uploads\/2024\/02\/Tableau-Henri-de-Saint-Delis-4-300x200.jpg 300w, https:\/\/www.hotel-saint-delis.fr\/wp-content\/uploads\/2024\/02\/Tableau-Henri-de-Saint-Delis-4-768x512.jpg 768w, https:\/\/www.hotel-saint-delis.fr\/wp-content\/uploads\/2024\/02\/Tableau-Henri-de-Saint-Delis-4-1536x1024.jpg 1536w, https:\/\/www.hotel-saint-delis.fr\/wp-content\/uploads\/2024\/02\/Tableau-Henri-de-Saint-Delis-4-2048x1365.jpg 2048w, https:\/\/www.hotel-saint-delis.fr\/wp-content\/uploads\/2024\/02\/Tableau-Henri-de-Saint-Delis-4-18x12.jpg 18w\" sizes=\"(max-width: 800px) 100vw, 800px\" title=\"\">\t\t\t\t\t\t\t\t\t\t\t\t\t\t\t<\/div>\n\t\t\t\t<\/div>\n\t\t\t\t<\/div>\n\t\t<div class=\"elementor-element elementor-element-53e8b7e e-con-full e-flex e-con e-child\" data-id=\"53e8b7e\" data-element_type=\"container\" data-e-type=\"container\">\n\t\t<div class=\"elementor-element elementor-element-e6d8215 e-flex e-con-boxed e-con e-child\" data-id=\"e6d8215\" data-element_type=\"container\" data-e-type=\"container\">\n\t\t\t\t\t<div class=\"e-con-inner\">\n\t\t\t\t<div class=\"elementor-element elementor-element-1f06291 elementor-widget elementor-widget-text-editor\" data-id=\"1f06291\" data-element_type=\"widget\" data-e-type=\"widget\" data-widget_type=\"text-editor.default\">\n\t\t\t\t<div class=\"elementor-widget-container\">\n\t\t\t\t\t\t\t\t\t<p>Hij was lid van de Academie voor Tekenen, Schilderen en Beeldhouwen Rodolphe Julian, opgericht in Parijs in 1868, die internationale bekendheid verwierf.<br \/>De schilderijen van Henri de Saint-Delis onderscheiden hem als een vrolijke man. Al zijn uitzichten, met delicate of levendigere penseelstreken, weerspiegelen de vrolijkheid van het dagelijks leven en lokale festiviteiten, veranderende luchten, dansende golven, stralende landschappen met de zachte kleuren van de lente en de zomer, de glinstering van de herfst en het blauwachtige wit van de winter.<br \/>Blijvende herinneringen, allemaal verbonden met de prachtige <a href=\"https:\/\/www.hotel-saint-delis.fr\/nl\/bestemmingsactiviteiten-honfleur\/het-huis-van-de-schilder-normandie-impressioniste\/\">franse geschiedenis van de schilderkunst<\/a>.<\/p>\t\t\t\t\t\t\t\t<\/div>\n\t\t\t\t<\/div>\n\t\t\t\t\t<\/div>\n\t\t\t\t<\/div>\n\t\t\t\t<\/div>\n\t\t\t\t\t<\/div>\n\t\t\t\t<\/div>\n\t\t\t\t<\/div>","protected":false},"excerpt":{"rendered":"<p>Notre Histoire un lieu charg\u00e9 d&rsquo;histoire H\u00f4tel Saint Delis, la Maison du Peintre La Maison du Peintre, Henri de Saint-Delis, est un lieu charg\u00e9 d\u2019histoire.L\u2019artiste, n\u00e9 \u00e0 Marconne dans le Pas-de-Calais en 1878, y v\u00e9cut jusqu\u2019\u00e0 sa mort en 1949. La chambre du peintre, la n\u00b03, situ\u00e9e au premier \u00e9tage et r\u00e9nov\u00e9e confortablement, s\u2019ouvre vers [&hellip;]<\/p>\n","protected":false},"author":5,"featured_media":0,"parent":0,"menu_order":0,"comment_status":"closed","ping_status":"closed","template":"","meta":{"inline_featured_image":false,"footnotes":""},"class_list":["post-4059","page","type-page","status-publish","hentry"],"_links":{"self":[{"href":"https:\/\/www.hotel-saint-delis.fr\/nl\/wp-json\/wp\/v2\/pages\/4059","targetHints":{"allow":["GET"]}}],"collection":[{"href":"https:\/\/www.hotel-saint-delis.fr\/nl\/wp-json\/wp\/v2\/pages"}],"about":[{"href":"https:\/\/www.hotel-saint-delis.fr\/nl\/wp-json\/wp\/v2\/types\/page"}],"author":[{"embeddable":true,"href":"https:\/\/www.hotel-saint-delis.fr\/nl\/wp-json\/wp\/v2\/users\/5"}],"replies":[{"embeddable":true,"href":"https:\/\/www.hotel-saint-delis.fr\/nl\/wp-json\/wp\/v2\/comments?post=4059"}],"version-history":[{"count":60,"href":"https:\/\/www.hotel-saint-delis.fr\/nl\/wp-json\/wp\/v2\/pages\/4059\/revisions"}],"predecessor-version":[{"id":6553,"href":"https:\/\/www.hotel-saint-delis.fr\/nl\/wp-json\/wp\/v2\/pages\/4059\/revisions\/6553"}],"wp:attachment":[{"href":"https:\/\/www.hotel-saint-delis.fr\/nl\/wp-json\/wp\/v2\/media?parent=4059"}],"curies":[{"name":"wp","href":"https:\/\/api.w.org\/{rel}","templated":true}]}}